{"id":268,"date":"2024-01-24T13:32:26","date_gmt":"2024-01-24T10:32:26","guid":{"rendered":"https:\/\/antroposofiturkiye.com\/?page_id=268"},"modified":"2024-01-24T21:54:18","modified_gmt":"2024-01-24T18:54:18","slug":"rudolf-steiner","status":"publish","type":"page","link":"https:\/\/antroposofiturkiye.com\/en\/rudolf-steiner\/","title":{"rendered":"Rudolf Steiner"},"content":{"rendered":"<p>Inspired by Rudolf Steiner's work, hundreds of thousands of people around the world are finding inspiration to make meaningful choices in their daily lives - for parenting and community, for healing the Earth, for artistic and scientific endeavors, and for building a new culture of freedom, equality and solidarity.<\/p>\n\n\n\n<p>Anthroposophical associations exist almost everywhere in the world today. They exist wherever people feel a certain questioning about the nature of humanity and the world as a necessity of human life, just like hunger and thirst. This dimension manifests as belief, doubt or longing. Anthroposophy allows the reality of the spiritual world to be experienced more concretely and to guide one's life. It is a matter of growth.<\/p>\n\n\n\n<p>Rudolf Steiner (1861 - 1925), the founder of anthroposophy, saw this as the development of a consciousness of human dignity. The more complex modern technical civilization becomes, the more vital it is to create a space for every human being - regardless of where they were born, what culture they grew up in or what level of education they have reached - to recognize and realize their unique potential. There is also a social duty.<\/p>\n\n\n\n<p>This is the task of the Anthroposophical Society. It emerges where people inspired by anthroposophy engage in a creative dialog, where the experiences of some evolve in connection with the experiences of others.<\/p>\n\n\n\n<p>Its members can be organized in large or small groups, geographically or according to the tasks at hand. This is why today there is a wide variety of national and local groups, as well as related groups in different fields, which are part of the General Anthroposophical Association, headquartered in the Goetheanum.<\/p>\n\n\n\n<p>Its members can organize themselves geographically or in smaller or larger groups according to their tasks. This is why today there are various national and local groups as well as groups linked to specific topics in different fields - all of which are part of the General Anthroposophical Society in the Goetheanum.<\/p>\n\n\n\n<p>The Anthroposophical Society in Switzerland is one of these national groups. It was founded in Dornach on October 31, 1920 by 7 branches of the then Anthroposophical Society. Headquartered at Oberen Zielweg 60, Dornach, the association promotes spiritual research and the deepening of Anthroposophy in Switzerland in different fields of work and life, such as agriculture, food, medicine, health, pedagogy, remedial pedagogy and social therapy, art, architecture, natural sciences, economics and social sciences.<\/p>","protected":false},"excerpt":{"rendered":"<p>Rudolf Steiner&#8217;in \u00e7al\u0131\u015fmalar\u0131ndan ilham alan d\u00fcnyan\u0131n d\u00f6rt bir yan\u0131ndaki y\u00fcz binlerce insan, g\u00fcnl\u00fck ya\u015famlar\u0131nda anlaml\u0131 se\u00e7imler yapmak i\u00e7in ilham buluyor &#8211; ebeveynlik ve toplum i\u00e7in, D\u00fcnya&#8217;y\u0131 iyile\u015ftirmek i\u00e7in, sanatsal ve bilimsel \u00e7al\u0131\u015fmalar i\u00e7in ve yeni bir \u00f6zg\u00fcrl\u00fck, e\u015fitlik ve dayan\u0131\u015fma k\u00fclt\u00fcr\u00fc in\u015fa etmek i\u00e7in. Antroposofik dernekler bug\u00fcn d\u00fcnyan\u0131n hemen her yerinde mevcuttur. \u0130nsanlar\u0131n, t\u0131pk\u0131 a\u00e7l\u0131k [&hellip;]<\/p>\n","protected":false},"author":1,"featured_media":126,"parent":0,"menu_order":0,"comment_status":"closed","ping_status":"closed","template":"","meta":{"footnotes":""},"class_list":["post-268","page","type-page","status-publish","has-post-thumbnail","hentry"],"yoast_head":"<!-- This site is optimized with the Yoast SEO plugin v27.4 - https:\/\/yoast.com\/product\/yoast-seo-wordpress\/ -->\n<title>Rudolf Steiner - Antroposofi T\u00fcrkiye<\/title>\n<meta name=\"robots\" content=\"index, follow, max-snippet:-1, max-image-preview:large, max-video-preview:-1\" \/>\n<link rel=\"canonical\" href=\"https:\/\/antroposofiturkiye.com\/en\/rudolf-steiner\/\" \/>\n<meta property=\"og:locale\" content=\"en_US\" \/>\n<meta property=\"og:type\" content=\"article\" \/>\n<meta property=\"og:title\" content=\"Rudolf Steiner - Antroposofi T\u00fcrkiye\" \/>\n<meta property=\"og:description\" content=\"Rudolf Steiner&#8217;in \u00e7al\u0131\u015fmalar\u0131ndan ilham alan d\u00fcnyan\u0131n d\u00f6rt bir yan\u0131ndaki y\u00fcz binlerce insan, g\u00fcnl\u00fck ya\u015famlar\u0131nda anlaml\u0131 se\u00e7imler yapmak i\u00e7in ilham buluyor &#8211; ebeveynlik ve toplum i\u00e7in, D\u00fcnya&#8217;y\u0131 iyile\u015ftirmek i\u00e7in, sanatsal ve bilimsel \u00e7al\u0131\u015fmalar i\u00e7in ve yeni bir \u00f6zg\u00fcrl\u00fck, e\u015fitlik ve dayan\u0131\u015fma k\u00fclt\u00fcr\u00fc in\u015fa etmek i\u00e7in. Antroposofik dernekler bug\u00fcn d\u00fcnyan\u0131n hemen her yerinde mevcuttur. \u0130nsanlar\u0131n, t\u0131pk\u0131 a\u00e7l\u0131k [&hellip;]\" \/>\n<meta property=\"og:url\" content=\"https:\/\/antroposofiturkiye.com\/en\/rudolf-steiner\/\" \/>\n<meta property=\"og:site_name\" content=\"Antroposofi T\u00fcrkiye\" \/>\n<meta property=\"article:modified_time\" content=\"2024-01-24T18:54:18+00:00\" \/>\n<meta property=\"og:image\" content=\"https:\/\/antroposofiturkiye.com\/wp-content\/uploads\/2024\/01\/Ilham-Kaynagimiz.jpg\" \/>\n\t<meta property=\"og:image:width\" content=\"963\" \/>\n\t<meta property=\"og:image:height\" content=\"590\" \/>\n\t<meta property=\"og:image:type\" content=\"image\/jpeg\" \/>\n<meta name=\"twitter:card\" content=\"summary_large_image\" \/>\n<meta name=\"twitter:label1\" content=\"Est. reading time\" \/>\n\t<meta name=\"twitter:data1\" content=\"2 minutes\" \/>\n<script type=\"application\/ld+json\" class=\"yoast-schema-graph\">{\"@context\":\"https:\\\/\\\/schema.org\",\"@graph\":[{\"@type\":\"WebPage\",\"@id\":\"https:\\\/\\\/antroposofiturkiye.com\\\/rudolf-steiner\\\/\",\"url\":\"https:\\\/\\\/antroposofiturkiye.com\\\/rudolf-steiner\\\/\",\"name\":\"Rudolf Steiner - Antroposofi T\u00fcrkiye\",\"isPartOf\":{\"@id\":\"https:\\\/\\\/antroposofiturkiye.com\\\/#website\"},\"primaryImageOfPage\":{\"@id\":\"https:\\\/\\\/antroposofiturkiye.com\\\/rudolf-steiner\\\/#primaryimage\"},\"image\":{\"@id\":\"https:\\\/\\\/antroposofiturkiye.com\\\/rudolf-steiner\\\/#primaryimage\"},\"thumbnailUrl\":\"https:\\\/\\\/antroposofiturkiye.com\\\/wp-content\\\/uploads\\\/2024\\\/01\\\/Ilham-Kaynagimiz.jpg\",\"datePublished\":\"2024-01-24T10:32:26+00:00\",\"dateModified\":\"2024-01-24T18:54:18+00:00\",\"breadcrumb\":{\"@id\":\"https:\\\/\\\/antroposofiturkiye.com\\\/rudolf-steiner\\\/#breadcrumb\"},\"inLanguage\":\"en-US\",\"potentialAction\":[{\"@type\":\"ReadAction\",\"target\":[\"https:\\\/\\\/antroposofiturkiye.com\\\/rudolf-steiner\\\/\"]}]},{\"@type\":\"ImageObject\",\"inLanguage\":\"en-US\",\"@id\":\"https:\\\/\\\/antroposofiturkiye.com\\\/rudolf-steiner\\\/#primaryimage\",\"url\":\"https:\\\/\\\/antroposofiturkiye.com\\\/wp-content\\\/uploads\\\/2024\\\/01\\\/Ilham-Kaynagimiz.jpg\",\"contentUrl\":\"https:\\\/\\\/antroposofiturkiye.com\\\/wp-content\\\/uploads\\\/2024\\\/01\\\/Ilham-Kaynagimiz.jpg\",\"width\":963,\"height\":590},{\"@type\":\"BreadcrumbList\",\"@id\":\"https:\\\/\\\/antroposofiturkiye.com\\\/rudolf-steiner\\\/#breadcrumb\",\"itemListElement\":[{\"@type\":\"ListItem\",\"position\":1,\"name\":\"Anasayfa\",\"item\":\"https:\\\/\\\/antroposofiturkiye.com\\\/\"},{\"@type\":\"ListItem\",\"position\":2,\"name\":\"Rudolf Steiner\"}]},{\"@type\":\"WebSite\",\"@id\":\"https:\\\/\\\/antroposofiturkiye.com\\\/#website\",\"url\":\"https:\\\/\\\/antroposofiturkiye.com\\\/\",\"name\":\"Antroposofi T\u00fcrkiye\",\"description\":\"\",\"publisher\":{\"@id\":\"https:\\\/\\\/antroposofiturkiye.com\\\/#organization\"},\"potentialAction\":[{\"@type\":\"SearchAction\",\"target\":{\"@type\":\"EntryPoint\",\"urlTemplate\":\"https:\\\/\\\/antroposofiturkiye.com\\\/?s={search_term_string}\"},\"query-input\":{\"@type\":\"PropertyValueSpecification\",\"valueRequired\":true,\"valueName\":\"search_term_string\"}}],\"inLanguage\":\"en-US\"},{\"@type\":\"Organization\",\"@id\":\"https:\\\/\\\/antroposofiturkiye.com\\\/#organization\",\"name\":\"Antroposofi T\u00fcrkiye\",\"url\":\"https:\\\/\\\/antroposofiturkiye.com\\\/\",\"logo\":{\"@type\":\"ImageObject\",\"inLanguage\":\"en-US\",\"@id\":\"https:\\\/\\\/antroposofiturkiye.com\\\/#\\\/schema\\\/logo\\\/image\\\/\",\"url\":\"https:\\\/\\\/antroposofiturkiye.com\\\/wp-content\\\/uploads\\\/2024\\\/01\\\/Antroposofi-Turkiye-1.png\",\"contentUrl\":\"https:\\\/\\\/antroposofiturkiye.com\\\/wp-content\\\/uploads\\\/2024\\\/01\\\/Antroposofi-Turkiye-1.png\",\"width\":1395,\"height\":1260,\"caption\":\"Antroposofi T\u00fcrkiye\"},\"image\":{\"@id\":\"https:\\\/\\\/antroposofiturkiye.com\\\/#\\\/schema\\\/logo\\\/image\\\/\"}}]}<\/script>\n<!-- \/ Yoast SEO plugin. -->","yoast_head_json":{"title":"Rudolf Steiner - Anthroposophy Turkey","robots":{"index":"index","follow":"follow","max-snippet":"max-snippet:-1","max-image-preview":"max-image-preview:large","max-video-preview":"max-video-preview:-1"},"canonical":"https:\/\/antroposofiturkiye.com\/en\/rudolf-steiner\/","og_locale":"en_US","og_type":"article","og_title":"Rudolf Steiner - Antroposofi T\u00fcrkiye","og_description":"Rudolf Steiner&#8217;in \u00e7al\u0131\u015fmalar\u0131ndan ilham alan d\u00fcnyan\u0131n d\u00f6rt bir yan\u0131ndaki y\u00fcz binlerce insan, g\u00fcnl\u00fck ya\u015famlar\u0131nda anlaml\u0131 se\u00e7imler yapmak i\u00e7in ilham buluyor &#8211; ebeveynlik ve toplum i\u00e7in, D\u00fcnya&#8217;y\u0131 iyile\u015ftirmek i\u00e7in, sanatsal ve bilimsel \u00e7al\u0131\u015fmalar i\u00e7in ve yeni bir \u00f6zg\u00fcrl\u00fck, e\u015fitlik ve dayan\u0131\u015fma k\u00fclt\u00fcr\u00fc in\u015fa etmek i\u00e7in. Antroposofik dernekler bug\u00fcn d\u00fcnyan\u0131n hemen her yerinde mevcuttur. \u0130nsanlar\u0131n, t\u0131pk\u0131 a\u00e7l\u0131k [&hellip;]","og_url":"https:\/\/antroposofiturkiye.com\/en\/rudolf-steiner\/","og_site_name":"Antroposofi T\u00fcrkiye","article_modified_time":"2024-01-24T18:54:18+00:00","og_image":[{"width":963,"height":590,"url":"https:\/\/antroposofiturkiye.com\/wp-content\/uploads\/2024\/01\/Ilham-Kaynagimiz.jpg","type":"image\/jpeg"}],"twitter_card":"summary_large_image","twitter_misc":{"Est. reading time":"2 minutes"},"schema":{"@context":"https:\/\/schema.org","@graph":[{"@type":"WebPage","@id":"https:\/\/antroposofiturkiye.com\/rudolf-steiner\/","url":"https:\/\/antroposofiturkiye.com\/rudolf-steiner\/","name":"Rudolf Steiner - Anthroposophy Turkey","isPartOf":{"@id":"https:\/\/antroposofiturkiye.com\/#website"},"primaryImageOfPage":{"@id":"https:\/\/antroposofiturkiye.com\/rudolf-steiner\/#primaryimage"},"image":{"@id":"https:\/\/antroposofiturkiye.com\/rudolf-steiner\/#primaryimage"},"thumbnailUrl":"https:\/\/antroposofiturkiye.com\/wp-content\/uploads\/2024\/01\/Ilham-Kaynagimiz.jpg","datePublished":"2024-01-24T10:32:26+00:00","dateModified":"2024-01-24T18:54:18+00:00","breadcrumb":{"@id":"https:\/\/antroposofiturkiye.com\/rudolf-steiner\/#breadcrumb"},"inLanguage":"en-US","potentialAction":[{"@type":"ReadAction","target":["https:\/\/antroposofiturkiye.com\/rudolf-steiner\/"]}]},{"@type":"ImageObject","inLanguage":"en-US","@id":"https:\/\/antroposofiturkiye.com\/rudolf-steiner\/#primaryimage","url":"https:\/\/antroposofiturkiye.com\/wp-content\/uploads\/2024\/01\/Ilham-Kaynagimiz.jpg","contentUrl":"https:\/\/antroposofiturkiye.com\/wp-content\/uploads\/2024\/01\/Ilham-Kaynagimiz.jpg","width":963,"height":590},{"@type":"BreadcrumbList","@id":"https:\/\/antroposofiturkiye.com\/rudolf-steiner\/#breadcrumb","itemListElement":[{"@type":"ListItem","position":1,"name":"Anasayfa","item":"https:\/\/antroposofiturkiye.com\/"},{"@type":"ListItem","position":2,"name":"Rudolf Steiner"}]},{"@type":"WebSite","@id":"https:\/\/antroposofiturkiye.com\/#website","url":"https:\/\/antroposofiturkiye.com\/","name":"Anthroposophy Turkey","description":"","publisher":{"@id":"https:\/\/antroposofiturkiye.com\/#organization"},"potentialAction":[{"@type":"SearchAction","target":{"@type":"EntryPoint","urlTemplate":"https:\/\/antroposofiturkiye.com\/?s={search_term_string}"},"query-input":{"@type":"PropertyValueSpecification","valueRequired":true,"valueName":"search_term_string"}}],"inLanguage":"en-US"},{"@type":"Organization","@id":"https:\/\/antroposofiturkiye.com\/#organization","name":"Anthroposophy Turkey","url":"https:\/\/antroposofiturkiye.com\/","logo":{"@type":"ImageObject","inLanguage":"en-US","@id":"https:\/\/antroposofiturkiye.com\/#\/schema\/logo\/image\/","url":"https:\/\/antroposofiturkiye.com\/wp-content\/uploads\/2024\/01\/Antroposofi-Turkiye-1.png","contentUrl":"https:\/\/antroposofiturkiye.com\/wp-content\/uploads\/2024\/01\/Antroposofi-Turkiye-1.png","width":1395,"height":1260,"caption":"Antroposofi T\u00fcrkiye"},"image":{"@id":"https:\/\/antroposofiturkiye.com\/#\/schema\/logo\/image\/"}}]}},"_links":{"self":[{"href":"https:\/\/antroposofiturkiye.com\/en\/wp-json\/wp\/v2\/pages\/268","targetHints":{"allow":["GET"]}}],"collection":[{"href":"https:\/\/antroposofiturkiye.com\/en\/wp-json\/wp\/v2\/pages"}],"about":[{"href":"https:\/\/antroposofiturkiye.com\/en\/wp-json\/wp\/v2\/types\/page"}],"author":[{"embeddable":true,"href":"https:\/\/antroposofiturkiye.com\/en\/wp-json\/wp\/v2\/users\/1"}],"replies":[{"embeddable":true,"href":"https:\/\/antroposofiturkiye.com\/en\/wp-json\/wp\/v2\/comments?post=268"}],"version-history":[{"count":3,"href":"https:\/\/antroposofiturkiye.com\/en\/wp-json\/wp\/v2\/pages\/268\/revisions"}],"predecessor-version":[{"id":409,"href":"https:\/\/antroposofiturkiye.com\/en\/wp-json\/wp\/v2\/pages\/268\/revisions\/409"}],"wp:featuredmedia":[{"embeddable":true,"href":"https:\/\/antroposofiturkiye.com\/en\/wp-json\/wp\/v2\/media\/126"}],"wp:attachment":[{"href":"https:\/\/antroposofiturkiye.com\/en\/wp-json\/wp\/v2\/media?parent=268"}],"curies":[{"name":"wp","href":"https:\/\/api.w.org\/{rel}","templated":true}]}}