{"id":275,"date":"2024-01-24T13:35:56","date_gmt":"2024-01-24T10:35:56","guid":{"rendered":"https:\/\/antroposofiturkiye.com\/?page_id=275"},"modified":"2024-01-24T13:36:09","modified_gmt":"2024-01-24T10:36:09","slug":"icgoru","status":"publish","type":"page","link":"https:\/\/antroposofiturkiye.com\/en\/icgoru\/","title":{"rendered":"Insight"},"content":{"rendered":"<p>Anthroposophy, which sees the whole person in our complex social, biological, planetary and cosmic contexts, can open up a space of creative potential and activity for each of us.<\/p>\n\n\n\n<p>This includes personal development, health and talent, and social and professional service and engagement.<\/p>","protected":false},"excerpt":{"rendered":"<p>Seeing the whole person in our complex social, biological, planetary and cosmic contexts, Anthroposophy can open up a space of creative potential and activity for each of us. This includes personal development, health and talent, and social and professional service and engagement.<\/p>","protected":false},"author":1,"featured_media":216,"parent":0,"menu_order":0,"comment_status":"closed","ping_status":"closed","template":"","meta":{"footnotes":""},"class_list":["post-275","page","type-page","status-publish","has-post-thumbnail","hentry"],"yoast_head":"<!-- This site is optimized with the Yoast SEO plugin v27.4 - https:\/\/yoast.com\/product\/yoast-seo-wordpress\/ -->\n<title>\u0130\u00e7g\u00f6r\u00fc - Antroposofi T\u00fcrkiye<\/title>\n<meta name=\"robots\" content=\"index, follow, max-snippet:-1, max-image-preview:large, max-video-preview:-1\" \/>\n<link rel=\"canonical\" href=\"https:\/\/antroposofiturkiye.com\/en\/icgoru\/\" \/>\n<meta property=\"og:locale\" content=\"en_US\" \/>\n<meta property=\"og:type\" content=\"article\" \/>\n<meta property=\"og:title\" content=\"\u0130\u00e7g\u00f6r\u00fc - Antroposofi T\u00fcrkiye\" \/>\n<meta property=\"og:description\" content=\"Karma\u015f\u0131k sosyal, biyolojik, gezegensel ve kozmik ba\u011flamlar\u0131m\u0131zda t\u00fcm insan\u0131 g\u00f6ren Antroposofi, her birimiz i\u00e7in yarat\u0131c\u0131 bir potansiyel ve faaliyet alan\u0131 a\u00e7abilir. Bu, ki\u015fisel geli\u015fim, sa\u011fl\u0131k ve yetenek ile sosyal ve profesyonel hizmet ve kat\u0131l\u0131m\u0131 i\u00e7erir.\" \/>\n<meta property=\"og:url\" content=\"https:\/\/antroposofiturkiye.com\/en\/icgoru\/\" \/>\n<meta property=\"og:site_name\" content=\"Antroposofi T\u00fcrkiye\" \/>\n<meta property=\"article:modified_time\" content=\"2024-01-24T10:36:09+00:00\" \/>\n<meta property=\"og:image\" content=\"https:\/\/antroposofiturkiye.com\/wp-content\/uploads\/2024\/01\/Icgoru.jpeg\" \/>\n\t<meta property=\"og:image:width\" content=\"1152\" \/>\n\t<meta property=\"og:image:height\" content=\"2048\" \/>\n\t<meta property=\"og:image:type\" content=\"image\/jpeg\" \/>\n<meta name=\"twitter:card\" content=\"summary_large_image\" \/>\n<script type=\"application\/ld+json\" class=\"yoast-schema-graph\">{\"@context\":\"https:\\\/\\\/schema.org\",\"@graph\":[{\"@type\":\"WebPage\",\"@id\":\"https:\\\/\\\/antroposofiturkiye.com\\\/icgoru\\\/\",\"url\":\"https:\\\/\\\/antroposofiturkiye.com\\\/icgoru\\\/\",\"name\":\"\u0130\u00e7g\u00f6r\u00fc - Antroposofi T\u00fcrkiye\",\"isPartOf\":{\"@id\":\"https:\\\/\\\/antroposofiturkiye.com\\\/#website\"},\"primaryImageOfPage\":{\"@id\":\"https:\\\/\\\/antroposofiturkiye.com\\\/icgoru\\\/#primaryimage\"},\"image\":{\"@id\":\"https:\\\/\\\/antroposofiturkiye.com\\\/icgoru\\\/#primaryimage\"},\"thumbnailUrl\":\"https:\\\/\\\/antroposofiturkiye.com\\\/wp-content\\\/uploads\\\/2024\\\/01\\\/Icgoru.jpeg\",\"datePublished\":\"2024-01-24T10:35:56+00:00\",\"dateModified\":\"2024-01-24T10:36:09+00:00\",\"breadcrumb\":{\"@id\":\"https:\\\/\\\/antroposofiturkiye.com\\\/icgoru\\\/#breadcrumb\"},\"inLanguage\":\"en-US\",\"potentialAction\":[{\"@type\":\"ReadAction\",\"target\":[\"https:\\\/\\\/antroposofiturkiye.com\\\/icgoru\\\/\"]}]},{\"@type\":\"ImageObject\",\"inLanguage\":\"en-US\",\"@id\":\"https:\\\/\\\/antroposofiturkiye.com\\\/icgoru\\\/#primaryimage\",\"url\":\"https:\\\/\\\/antroposofiturkiye.com\\\/wp-content\\\/uploads\\\/2024\\\/01\\\/Icgoru.jpeg\",\"contentUrl\":\"https:\\\/\\\/antroposofiturkiye.com\\\/wp-content\\\/uploads\\\/2024\\\/01\\\/Icgoru.jpeg\",\"width\":1152,\"height\":2048},{\"@type\":\"BreadcrumbList\",\"@id\":\"https:\\\/\\\/antroposofiturkiye.com\\\/icgoru\\\/#breadcrumb\",\"itemListElement\":[{\"@type\":\"ListItem\",\"position\":1,\"name\":\"Anasayfa\",\"item\":\"https:\\\/\\\/antroposofiturkiye.com\\\/\"},{\"@type\":\"ListItem\",\"position\":2,\"name\":\"\u0130\u00e7g\u00f6r\u00fc\"}]},{\"@type\":\"WebSite\",\"@id\":\"https:\\\/\\\/antroposofiturkiye.com\\\/#website\",\"url\":\"https:\\\/\\\/antroposofiturkiye.com\\\/\",\"name\":\"Antroposofi T\u00fcrkiye\",\"description\":\"\",\"publisher\":{\"@id\":\"https:\\\/\\\/antroposofiturkiye.com\\\/#organization\"},\"potentialAction\":[{\"@type\":\"SearchAction\",\"target\":{\"@type\":\"EntryPoint\",\"urlTemplate\":\"https:\\\/\\\/antroposofiturkiye.com\\\/?s={search_term_string}\"},\"query-input\":{\"@type\":\"PropertyValueSpecification\",\"valueRequired\":true,\"valueName\":\"search_term_string\"}}],\"inLanguage\":\"en-US\"},{\"@type\":\"Organization\",\"@id\":\"https:\\\/\\\/antroposofiturkiye.com\\\/#organization\",\"name\":\"Antroposofi T\u00fcrkiye\",\"url\":\"https:\\\/\\\/antroposofiturkiye.com\\\/\",\"logo\":{\"@type\":\"ImageObject\",\"inLanguage\":\"en-US\",\"@id\":\"https:\\\/\\\/antroposofiturkiye.com\\\/#\\\/schema\\\/logo\\\/image\\\/\",\"url\":\"https:\\\/\\\/antroposofiturkiye.com\\\/wp-content\\\/uploads\\\/2024\\\/01\\\/Antroposofi-Turkiye-1.png\",\"contentUrl\":\"https:\\\/\\\/antroposofiturkiye.com\\\/wp-content\\\/uploads\\\/2024\\\/01\\\/Antroposofi-Turkiye-1.png\",\"width\":1395,\"height\":1260,\"caption\":\"Antroposofi T\u00fcrkiye\"},\"image\":{\"@id\":\"https:\\\/\\\/antroposofiturkiye.com\\\/#\\\/schema\\\/logo\\\/image\\\/\"}}]}<\/script>\n<!-- \/ Yoast SEO plugin. -->","yoast_head_json":{"title":"Insight - Anthroposophy Turkey","robots":{"index":"index","follow":"follow","max-snippet":"max-snippet:-1","max-image-preview":"max-image-preview:large","max-video-preview":"max-video-preview:-1"},"canonical":"https:\/\/antroposofiturkiye.com\/en\/icgoru\/","og_locale":"en_US","og_type":"article","og_title":"\u0130\u00e7g\u00f6r\u00fc - Antroposofi T\u00fcrkiye","og_description":"Karma\u015f\u0131k sosyal, biyolojik, gezegensel ve kozmik ba\u011flamlar\u0131m\u0131zda t\u00fcm insan\u0131 g\u00f6ren Antroposofi, her birimiz i\u00e7in yarat\u0131c\u0131 bir potansiyel ve faaliyet alan\u0131 a\u00e7abilir. Bu, ki\u015fisel geli\u015fim, sa\u011fl\u0131k ve yetenek ile sosyal ve profesyonel hizmet ve kat\u0131l\u0131m\u0131 i\u00e7erir.","og_url":"https:\/\/antroposofiturkiye.com\/en\/icgoru\/","og_site_name":"Antroposofi T\u00fcrkiye","article_modified_time":"2024-01-24T10:36:09+00:00","og_image":[{"width":1152,"height":2048,"url":"https:\/\/antroposofiturkiye.com\/wp-content\/uploads\/2024\/01\/Icgoru.jpeg","type":"image\/jpeg"}],"twitter_card":"summary_large_image","schema":{"@context":"https:\/\/schema.org","@graph":[{"@type":"WebPage","@id":"https:\/\/antroposofiturkiye.com\/icgoru\/","url":"https:\/\/antroposofiturkiye.com\/icgoru\/","name":"Insight - Anthroposophy Turkey","isPartOf":{"@id":"https:\/\/antroposofiturkiye.com\/#website"},"primaryImageOfPage":{"@id":"https:\/\/antroposofiturkiye.com\/icgoru\/#primaryimage"},"image":{"@id":"https:\/\/antroposofiturkiye.com\/icgoru\/#primaryimage"},"thumbnailUrl":"https:\/\/antroposofiturkiye.com\/wp-content\/uploads\/2024\/01\/Icgoru.jpeg","datePublished":"2024-01-24T10:35:56+00:00","dateModified":"2024-01-24T10:36:09+00:00","breadcrumb":{"@id":"https:\/\/antroposofiturkiye.com\/icgoru\/#breadcrumb"},"inLanguage":"en-US","potentialAction":[{"@type":"ReadAction","target":["https:\/\/antroposofiturkiye.com\/icgoru\/"]}]},{"@type":"ImageObject","inLanguage":"en-US","@id":"https:\/\/antroposofiturkiye.com\/icgoru\/#primaryimage","url":"https:\/\/antroposofiturkiye.com\/wp-content\/uploads\/2024\/01\/Icgoru.jpeg","contentUrl":"https:\/\/antroposofiturkiye.com\/wp-content\/uploads\/2024\/01\/Icgoru.jpeg","width":1152,"height":2048},{"@type":"BreadcrumbList","@id":"https:\/\/antroposofiturkiye.com\/icgoru\/#breadcrumb","itemListElement":[{"@type":"ListItem","position":1,"name":"Anasayfa","item":"https:\/\/antroposofiturkiye.com\/"},{"@type":"ListItem","position":2,"name":"\u0130\u00e7g\u00f6r\u00fc"}]},{"@type":"WebSite","@id":"https:\/\/antroposofiturkiye.com\/#website","url":"https:\/\/antroposofiturkiye.com\/","name":"Anthroposophy Turkey","description":"","publisher":{"@id":"https:\/\/antroposofiturkiye.com\/#organization"},"potentialAction":[{"@type":"SearchAction","target":{"@type":"EntryPoint","urlTemplate":"https:\/\/antroposofiturkiye.com\/?s={search_term_string}"},"query-input":{"@type":"PropertyValueSpecification","valueRequired":true,"valueName":"search_term_string"}}],"inLanguage":"en-US"},{"@type":"Organization","@id":"https:\/\/antroposofiturkiye.com\/#organization","name":"Anthroposophy Turkey","url":"https:\/\/antroposofiturkiye.com\/","logo":{"@type":"ImageObject","inLanguage":"en-US","@id":"https:\/\/antroposofiturkiye.com\/#\/schema\/logo\/image\/","url":"https:\/\/antroposofiturkiye.com\/wp-content\/uploads\/2024\/01\/Antroposofi-Turkiye-1.png","contentUrl":"https:\/\/antroposofiturkiye.com\/wp-content\/uploads\/2024\/01\/Antroposofi-Turkiye-1.png","width":1395,"height":1260,"caption":"Antroposofi T\u00fcrkiye"},"image":{"@id":"https:\/\/antroposofiturkiye.com\/#\/schema\/logo\/image\/"}}]}},"_links":{"self":[{"href":"https:\/\/antroposofiturkiye.com\/en\/wp-json\/wp\/v2\/pages\/275","targetHints":{"allow":["GET"]}}],"collection":[{"href":"https:\/\/antroposofiturkiye.com\/en\/wp-json\/wp\/v2\/pages"}],"about":[{"href":"https:\/\/antroposofiturkiye.com\/en\/wp-json\/wp\/v2\/types\/page"}],"author":[{"embeddable":true,"href":"https:\/\/antroposofiturkiye.com\/en\/wp-json\/wp\/v2\/users\/1"}],"replies":[{"embeddable":true,"href":"https:\/\/antroposofiturkiye.com\/en\/wp-json\/wp\/v2\/comments?post=275"}],"version-history":[{"count":1,"href":"https:\/\/antroposofiturkiye.com\/en\/wp-json\/wp\/v2\/pages\/275\/revisions"}],"predecessor-version":[{"id":276,"href":"https:\/\/antroposofiturkiye.com\/en\/wp-json\/wp\/v2\/pages\/275\/revisions\/276"}],"wp:featuredmedia":[{"embeddable":true,"href":"https:\/\/antroposofiturkiye.com\/en\/wp-json\/wp\/v2\/media\/216"}],"wp:attachment":[{"href":"https:\/\/antroposofiturkiye.com\/en\/wp-json\/wp\/v2\/media?parent=275"}],"curies":[{"name":"wp","href":"https:\/\/api.w.org\/{rel}","templated":true}]}}