{"id":343,"date":"2024-01-24T19:12:19","date_gmt":"2024-01-24T16:12:19","guid":{"rendered":"https:\/\/antroposofiturkiye.com\/?page_id=343"},"modified":"2024-01-24T19:12:19","modified_gmt":"2024-01-24T16:12:19","slug":"friends-of-education-art-association","status":"publish","type":"page","link":"https:\/\/antroposofiturkiye.com\/en\/egitim-sanati-dostlari-dernegi\/","title":{"rendered":"Friends of the Art of Education Association"},"content":{"rendered":"<p>Friends of the Art of Education Association - Waldorf Initiative Istanbul, as the umbrella organization in Turkey, has been conducting Waldorf Pedagogy studies with international educational partners since 2009. In addition to organizing seminars for kindergarten educators and school teachers, it also conducts deepening seminars that can be attended by anyone interested in this pedagogy.<\/p>\n\n\n\n<p>If you want to learn about this pedagogy, participate in trainings or start a Waldorf initiative, you can review the content on the site and contact the association.<\/p>","protected":false},"excerpt":{"rendered":"<p>E\u011fitim Sanat\u0131 Dostlar\u0131 Derne\u011fi \u2013 Waldorf Giri\u015fimi \u0130stanbul; T\u00fcrkiye\u2019deki \u00e7at\u0131 organizasyon olarak 2009 y\u0131l\u0131ndan&nbsp; bu yana uluslararas\u0131 e\u011fitim partnerleri ile birlikte Waldorf Pedagojisi \u00e7al\u0131\u015fmalar\u0131 y\u00fcr\u00fctmektedir. Yuva e\u011fitmenleri ve okul \u00f6\u011fretmenleri i\u00e7in seminerler d\u00fczenlemesinin yan\u0131nda bu pedagojiye ilgi duyan her bireyin kat\u0131labilece\u011fi derinle\u015fme seminerleri de yapmaktad\u0131r. Siz de bu pedagoji hakk\u0131nda bilgi edinmek, e\u011fitimlere kat\u0131lmak ya [&hellip;]<\/p>\n","protected":false},"author":1,"featured_media":0,"parent":0,"menu_order":0,"comment_status":"closed","ping_status":"closed","template":"","meta":{"footnotes":""},"class_list":["post-343","page","type-page","status-publish","hentry"],"yoast_head":"<!-- This site is optimized with the Yoast SEO plugin v27.4 - https:\/\/yoast.com\/product\/yoast-seo-wordpress\/ -->\n<title>Eg\u0306itim Sanat\u0131 Dostlar\u0131 Derneg\u0306i - Antroposofi T\u00fcrkiye<\/title>\n<meta name=\"robots\" content=\"index, follow, max-snippet:-1, max-image-preview:large, max-video-preview:-1\" \/>\n<link rel=\"canonical\" href=\"https:\/\/antroposofiturkiye.com\/en\/friends-of-education-art-association\/\" \/>\n<meta property=\"og:locale\" content=\"en_US\" \/>\n<meta property=\"og:type\" content=\"article\" \/>\n<meta property=\"og:title\" content=\"Eg\u0306itim Sanat\u0131 Dostlar\u0131 Derneg\u0306i - Antroposofi T\u00fcrkiye\" \/>\n<meta property=\"og:description\" content=\"E\u011fitim Sanat\u0131 Dostlar\u0131 Derne\u011fi \u2013 Waldorf Giri\u015fimi \u0130stanbul; T\u00fcrkiye\u2019deki \u00e7at\u0131 organizasyon olarak 2009 y\u0131l\u0131ndan&nbsp; bu yana uluslararas\u0131 e\u011fitim partnerleri ile birlikte Waldorf Pedagojisi \u00e7al\u0131\u015fmalar\u0131 y\u00fcr\u00fctmektedir. Yuva e\u011fitmenleri ve okul \u00f6\u011fretmenleri i\u00e7in seminerler d\u00fczenlemesinin yan\u0131nda bu pedagojiye ilgi duyan her bireyin kat\u0131labilece\u011fi derinle\u015fme seminerleri de yapmaktad\u0131r. Siz de bu pedagoji hakk\u0131nda bilgi edinmek, e\u011fitimlere kat\u0131lmak ya [&hellip;]\" \/>\n<meta property=\"og:url\" content=\"https:\/\/antroposofiturkiye.com\/en\/friends-of-education-art-association\/\" \/>\n<meta property=\"og:site_name\" content=\"Antroposofi T\u00fcrkiye\" \/>\n<meta property=\"og:image\" content=\"https:\/\/antroposofiturkiye.com\/wp-content\/uploads\/2024\/01\/Antroposofi-Turkiye-scaled.jpeg\" \/>\n\t<meta property=\"og:image:width\" content=\"2560\" \/>\n\t<meta property=\"og:image:height\" content=\"1920\" \/>\n\t<meta property=\"og:image:type\" content=\"image\/jpeg\" \/>\n<meta name=\"twitter:card\" content=\"summary_large_image\" \/>\n<script type=\"application\/ld+json\" class=\"yoast-schema-graph\">{\"@context\":\"https:\\\/\\\/schema.org\",\"@graph\":[{\"@type\":\"WebPage\",\"@id\":\"https:\\\/\\\/antroposofiturkiye.com\\\/egitim-sanati-dostlari-dernegi\\\/\",\"url\":\"https:\\\/\\\/antroposofiturkiye.com\\\/egitim-sanati-dostlari-dernegi\\\/\",\"name\":\"Eg\u0306itim Sanat\u0131 Dostlar\u0131 Derneg\u0306i - Antroposofi T\u00fcrkiye\",\"isPartOf\":{\"@id\":\"https:\\\/\\\/antroposofiturkiye.com\\\/#website\"},\"datePublished\":\"2024-01-24T16:12:19+00:00\",\"breadcrumb\":{\"@id\":\"https:\\\/\\\/antroposofiturkiye.com\\\/egitim-sanati-dostlari-dernegi\\\/#breadcrumb\"},\"inLanguage\":\"en-US\",\"potentialAction\":[{\"@type\":\"ReadAction\",\"target\":[\"https:\\\/\\\/antroposofiturkiye.com\\\/egitim-sanati-dostlari-dernegi\\\/\"]}]},{\"@type\":\"BreadcrumbList\",\"@id\":\"https:\\\/\\\/antroposofiturkiye.com\\\/egitim-sanati-dostlari-dernegi\\\/#breadcrumb\",\"itemListElement\":[{\"@type\":\"ListItem\",\"position\":1,\"name\":\"Anasayfa\",\"item\":\"https:\\\/\\\/antroposofiturkiye.com\\\/\"},{\"@type\":\"ListItem\",\"position\":2,\"name\":\"Eg\u0306itim Sanat\u0131 Dostlar\u0131 Derneg\u0306i\"}]},{\"@type\":\"WebSite\",\"@id\":\"https:\\\/\\\/antroposofiturkiye.com\\\/#website\",\"url\":\"https:\\\/\\\/antroposofiturkiye.com\\\/\",\"name\":\"Antroposofi T\u00fcrkiye\",\"description\":\"\",\"publisher\":{\"@id\":\"https:\\\/\\\/antroposofiturkiye.com\\\/#organization\"},\"potentialAction\":[{\"@type\":\"SearchAction\",\"target\":{\"@type\":\"EntryPoint\",\"urlTemplate\":\"https:\\\/\\\/antroposofiturkiye.com\\\/?s={search_term_string}\"},\"query-input\":{\"@type\":\"PropertyValueSpecification\",\"valueRequired\":true,\"valueName\":\"search_term_string\"}}],\"inLanguage\":\"en-US\"},{\"@type\":\"Organization\",\"@id\":\"https:\\\/\\\/antroposofiturkiye.com\\\/#organization\",\"name\":\"Antroposofi T\u00fcrkiye\",\"url\":\"https:\\\/\\\/antroposofiturkiye.com\\\/\",\"logo\":{\"@type\":\"ImageObject\",\"inLanguage\":\"en-US\",\"@id\":\"https:\\\/\\\/antroposofiturkiye.com\\\/#\\\/schema\\\/logo\\\/image\\\/\",\"url\":\"https:\\\/\\\/antroposofiturkiye.com\\\/wp-content\\\/uploads\\\/2024\\\/01\\\/Antroposofi-Turkiye-1.png\",\"contentUrl\":\"https:\\\/\\\/antroposofiturkiye.com\\\/wp-content\\\/uploads\\\/2024\\\/01\\\/Antroposofi-Turkiye-1.png\",\"width\":1395,\"height\":1260,\"caption\":\"Antroposofi T\u00fcrkiye\"},\"image\":{\"@id\":\"https:\\\/\\\/antroposofiturkiye.com\\\/#\\\/schema\\\/logo\\\/image\\\/\"}}]}<\/script>\n<!-- \/ Yoast SEO plugin. -->","yoast_head_json":{"title":"Friends of the Art of Education Association - Anthroposophy Turkey","robots":{"index":"index","follow":"follow","max-snippet":"max-snippet:-1","max-image-preview":"max-image-preview:large","max-video-preview":"max-video-preview:-1"},"canonical":"https:\/\/antroposofiturkiye.com\/en\/friends-of-education-art-association\/","og_locale":"en_US","og_type":"article","og_title":"Eg\u0306itim Sanat\u0131 Dostlar\u0131 Derneg\u0306i - Antroposofi T\u00fcrkiye","og_description":"E\u011fitim Sanat\u0131 Dostlar\u0131 Derne\u011fi \u2013 Waldorf Giri\u015fimi \u0130stanbul; T\u00fcrkiye\u2019deki \u00e7at\u0131 organizasyon olarak 2009 y\u0131l\u0131ndan&nbsp; bu yana uluslararas\u0131 e\u011fitim partnerleri ile birlikte Waldorf Pedagojisi \u00e7al\u0131\u015fmalar\u0131 y\u00fcr\u00fctmektedir. Yuva e\u011fitmenleri ve okul \u00f6\u011fretmenleri i\u00e7in seminerler d\u00fczenlemesinin yan\u0131nda bu pedagojiye ilgi duyan her bireyin kat\u0131labilece\u011fi derinle\u015fme seminerleri de yapmaktad\u0131r. Siz de bu pedagoji hakk\u0131nda bilgi edinmek, e\u011fitimlere kat\u0131lmak ya [&hellip;]","og_url":"https:\/\/antroposofiturkiye.com\/en\/friends-of-education-art-association\/","og_site_name":"Antroposofi T\u00fcrkiye","og_image":[{"width":2560,"height":1920,"url":"https:\/\/antroposofiturkiye.com\/wp-content\/uploads\/2024\/01\/Antroposofi-Turkiye-scaled.jpeg","type":"image\/jpeg"}],"twitter_card":"summary_large_image","schema":{"@context":"https:\/\/schema.org","@graph":[{"@type":"WebPage","@id":"https:\/\/antroposofiturkiye.com\/egitim-sanati-dostlari-dernegi\/","url":"https:\/\/antroposofiturkiye.com\/egitim-sanati-dostlari-dernegi\/","name":"Friends of the Art of Education Association - Anthroposophy Turkey","isPartOf":{"@id":"https:\/\/antroposofiturkiye.com\/#website"},"datePublished":"2024-01-24T16:12:19+00:00","breadcrumb":{"@id":"https:\/\/antroposofiturkiye.com\/egitim-sanati-dostlari-dernegi\/#breadcrumb"},"inLanguage":"en-US","potentialAction":[{"@type":"ReadAction","target":["https:\/\/antroposofiturkiye.com\/egitim-sanati-dostlari-dernegi\/"]}]},{"@type":"BreadcrumbList","@id":"https:\/\/antroposofiturkiye.com\/egitim-sanati-dostlari-dernegi\/#breadcrumb","itemListElement":[{"@type":"ListItem","position":1,"name":"Anasayfa","item":"https:\/\/antroposofiturkiye.com\/"},{"@type":"ListItem","position":2,"name":"Eg\u0306itim Sanat\u0131 Dostlar\u0131 Derneg\u0306i"}]},{"@type":"WebSite","@id":"https:\/\/antroposofiturkiye.com\/#website","url":"https:\/\/antroposofiturkiye.com\/","name":"Anthroposophy Turkey","description":"","publisher":{"@id":"https:\/\/antroposofiturkiye.com\/#organization"},"potentialAction":[{"@type":"SearchAction","target":{"@type":"EntryPoint","urlTemplate":"https:\/\/antroposofiturkiye.com\/?s={search_term_string}"},"query-input":{"@type":"PropertyValueSpecification","valueRequired":true,"valueName":"search_term_string"}}],"inLanguage":"en-US"},{"@type":"Organization","@id":"https:\/\/antroposofiturkiye.com\/#organization","name":"Anthroposophy Turkey","url":"https:\/\/antroposofiturkiye.com\/","logo":{"@type":"ImageObject","inLanguage":"en-US","@id":"https:\/\/antroposofiturkiye.com\/#\/schema\/logo\/image\/","url":"https:\/\/antroposofiturkiye.com\/wp-content\/uploads\/2024\/01\/Antroposofi-Turkiye-1.png","contentUrl":"https:\/\/antroposofiturkiye.com\/wp-content\/uploads\/2024\/01\/Antroposofi-Turkiye-1.png","width":1395,"height":1260,"caption":"Antroposofi T\u00fcrkiye"},"image":{"@id":"https:\/\/antroposofiturkiye.com\/#\/schema\/logo\/image\/"}}]}},"_links":{"self":[{"href":"https:\/\/antroposofiturkiye.com\/en\/wp-json\/wp\/v2\/pages\/343","targetHints":{"allow":["GET"]}}],"collection":[{"href":"https:\/\/antroposofiturkiye.com\/en\/wp-json\/wp\/v2\/pages"}],"about":[{"href":"https:\/\/antroposofiturkiye.com\/en\/wp-json\/wp\/v2\/types\/page"}],"author":[{"embeddable":true,"href":"https:\/\/antroposofiturkiye.com\/en\/wp-json\/wp\/v2\/users\/1"}],"replies":[{"embeddable":true,"href":"https:\/\/antroposofiturkiye.com\/en\/wp-json\/wp\/v2\/comments?post=343"}],"version-history":[{"count":1,"href":"https:\/\/antroposofiturkiye.com\/en\/wp-json\/wp\/v2\/pages\/343\/revisions"}],"predecessor-version":[{"id":344,"href":"https:\/\/antroposofiturkiye.com\/en\/wp-json\/wp\/v2\/pages\/343\/revisions\/344"}],"wp:attachment":[{"href":"https:\/\/antroposofiturkiye.com\/en\/wp-json\/wp\/v2\/media?parent=343"}],"curies":[{"name":"wp","href":"https:\/\/api.w.org\/{rel}","templated":true}]}}