{"id":353,"date":"2024-01-24T19:19:31","date_gmt":"2024-01-24T16:19:31","guid":{"rendered":"https:\/\/antroposofiturkiye.com\/?page_id=353"},"modified":"2024-01-24T19:19:32","modified_gmt":"2024-01-24T16:19:32","slug":"biodynamic-agriculture","status":"publish","type":"page","link":"https:\/\/antroposofiturkiye.com\/en\/biyodinamik-tarim\/","title":{"rendered":"Biodynamic Agriculture"},"content":{"rendered":"<p>Biodynamic agriculture creates a healthy agricultural and social environment.<\/p>\n\n\n\n<p>In 1924 Rudolf Steiner was asked by farmers to contribute to the improvement of agriculture. This was the birth of biodynamic agriculture, the oldest organic agriculture, now trademarked Demeter. Today, 230,000 hectares of farmland in 64 countries are cultivated according to Demeter standards.<\/p>\n\n\n\n<p>Trials have shown that biodynamic agriculture increases the resilience of agroecosystems. For example, the continuous creation of healthy and fertile soils increases land diversity and makes crops more resistant to pathogens.<\/p>\n\n\n\n<p>Scientific experiments, such as those conducted by the Swiss Institute of Organic Agriculture, prove that biodynamic agriculture reduces greenhouse gas emissions and helps mitigate climate change through carbon sequestration (DOK experiments). Small farmers in Egypt have used this fact to sell carbon credit certificates and earn extra income (Economy of Love certificate).<\/p>\n\n\n\n<p>The compost project in Vinita Shah, India, is creating new prospects for around 50,000 smallholder farmers after 2020. Biodynamic urban gardens in Rosario, Argentina, and biodynamic school gardens, such as the one in Mbagati, Kenya, are also providing impoverished people with independent access to healthy food. In the Philippines, the Cobarvitz 1924 project is building a foundation for self-sufficiency.<\/p>\n\n\n\n<p>In 2024, the centenary year, biodynamic agriculture will assess its future potential and the Agriculture Section will hold its annual conference in Dornach, Switzerland, from February 7 to 10.<\/p>","protected":false},"excerpt":{"rendered":"<p>Biyodinamik tar\u0131m sa\u011fl\u0131kl\u0131 bir tar\u0131msal ve sosyal \u00e7evre yarat\u0131r. 1924 y\u0131l\u0131nda Rudolf Steiner&#8217;den \u00e7ift\u00e7iler taraf\u0131ndan tar\u0131m\u0131n iyile\u015ftirilmesine katk\u0131da bulunmas\u0131 istendi. Bu, \u015fu anda tescilli markas\u0131 Demeter olan en eski organik tar\u0131m olan biyodinamik tar\u0131m\u0131n do\u011fu\u015f an\u0131yd\u0131. Bug\u00fcn 64 \u00fclkede 230.000 hektar tar\u0131m arazisi Demeter standartlar\u0131na g\u00f6re i\u015flenmektedir. Denemeler, biyodinamik tar\u0131m\u0131n tar\u0131msal ekosistemlerin direncini art\u0131rd\u0131\u011f\u0131n\u0131 g\u00f6stermi\u015ftir. [&hellip;]<\/p>\n","protected":false},"author":1,"featured_media":0,"parent":0,"menu_order":0,"comment_status":"closed","ping_status":"closed","template":"","meta":{"footnotes":""},"class_list":["post-353","page","type-page","status-publish","hentry"],"yoast_head":"<!-- This site is optimized with the Yoast SEO plugin v27.4 - https:\/\/yoast.com\/product\/yoast-seo-wordpress\/ -->\n<title>Biyodinamik Tar\u0131m - Antroposofi T\u00fcrkiye<\/title>\n<meta name=\"robots\" content=\"index, follow, max-snippet:-1, max-image-preview:large, max-video-preview:-1\" \/>\n<link rel=\"canonical\" href=\"https:\/\/antroposofiturkiye.com\/en\/biodynamic-agriculture\/\" \/>\n<meta property=\"og:locale\" content=\"en_US\" \/>\n<meta property=\"og:type\" content=\"article\" \/>\n<meta property=\"og:title\" content=\"Biyodinamik Tar\u0131m - Antroposofi T\u00fcrkiye\" \/>\n<meta property=\"og:description\" content=\"Biyodinamik tar\u0131m sa\u011fl\u0131kl\u0131 bir tar\u0131msal ve sosyal \u00e7evre yarat\u0131r. 1924 y\u0131l\u0131nda Rudolf Steiner&#8217;den \u00e7ift\u00e7iler taraf\u0131ndan tar\u0131m\u0131n iyile\u015ftirilmesine katk\u0131da bulunmas\u0131 istendi. Bu, \u015fu anda tescilli markas\u0131 Demeter olan en eski organik tar\u0131m olan biyodinamik tar\u0131m\u0131n do\u011fu\u015f an\u0131yd\u0131. Bug\u00fcn 64 \u00fclkede 230.000 hektar tar\u0131m arazisi Demeter standartlar\u0131na g\u00f6re i\u015flenmektedir. Denemeler, biyodinamik tar\u0131m\u0131n tar\u0131msal ekosistemlerin direncini art\u0131rd\u0131\u011f\u0131n\u0131 g\u00f6stermi\u015ftir. [&hellip;]\" \/>\n<meta property=\"og:url\" content=\"https:\/\/antroposofiturkiye.com\/en\/biodynamic-agriculture\/\" \/>\n<meta property=\"og:site_name\" content=\"Antroposofi T\u00fcrkiye\" \/>\n<meta property=\"article:modified_time\" content=\"2024-01-24T16:19:32+00:00\" \/>\n<meta property=\"og:image\" content=\"https:\/\/antroposofiturkiye.com\/wp-content\/uploads\/2024\/01\/Antroposofi-Turkiye-scaled.jpeg\" \/>\n\t<meta property=\"og:image:width\" content=\"2560\" \/>\n\t<meta property=\"og:image:height\" content=\"1920\" \/>\n\t<meta property=\"og:image:type\" content=\"image\/jpeg\" \/>\n<meta name=\"twitter:card\" content=\"summary_large_image\" \/>\n<meta name=\"twitter:label1\" content=\"Est. reading time\" \/>\n\t<meta name=\"twitter:data1\" content=\"1 minute\" \/>\n<script type=\"application\/ld+json\" class=\"yoast-schema-graph\">{\"@context\":\"https:\\\/\\\/schema.org\",\"@graph\":[{\"@type\":\"WebPage\",\"@id\":\"https:\\\/\\\/antroposofiturkiye.com\\\/biyodinamik-tarim\\\/\",\"url\":\"https:\\\/\\\/antroposofiturkiye.com\\\/biyodinamik-tarim\\\/\",\"name\":\"Biyodinamik Tar\u0131m - Antroposofi T\u00fcrkiye\",\"isPartOf\":{\"@id\":\"https:\\\/\\\/antroposofiturkiye.com\\\/#website\"},\"datePublished\":\"2024-01-24T16:19:31+00:00\",\"dateModified\":\"2024-01-24T16:19:32+00:00\",\"breadcrumb\":{\"@id\":\"https:\\\/\\\/antroposofiturkiye.com\\\/biyodinamik-tarim\\\/#breadcrumb\"},\"inLanguage\":\"en-US\",\"potentialAction\":[{\"@type\":\"ReadAction\",\"target\":[\"https:\\\/\\\/antroposofiturkiye.com\\\/biyodinamik-tarim\\\/\"]}]},{\"@type\":\"BreadcrumbList\",\"@id\":\"https:\\\/\\\/antroposofiturkiye.com\\\/biyodinamik-tarim\\\/#breadcrumb\",\"itemListElement\":[{\"@type\":\"ListItem\",\"position\":1,\"name\":\"Anasayfa\",\"item\":\"https:\\\/\\\/antroposofiturkiye.com\\\/\"},{\"@type\":\"ListItem\",\"position\":2,\"name\":\"Biyodinamik Tar\u0131m\"}]},{\"@type\":\"WebSite\",\"@id\":\"https:\\\/\\\/antroposofiturkiye.com\\\/#website\",\"url\":\"https:\\\/\\\/antroposofiturkiye.com\\\/\",\"name\":\"Antroposofi T\u00fcrkiye\",\"description\":\"\",\"publisher\":{\"@id\":\"https:\\\/\\\/antroposofiturkiye.com\\\/#organization\"},\"potentialAction\":[{\"@type\":\"SearchAction\",\"target\":{\"@type\":\"EntryPoint\",\"urlTemplate\":\"https:\\\/\\\/antroposofiturkiye.com\\\/?s={search_term_string}\"},\"query-input\":{\"@type\":\"PropertyValueSpecification\",\"valueRequired\":true,\"valueName\":\"search_term_string\"}}],\"inLanguage\":\"en-US\"},{\"@type\":\"Organization\",\"@id\":\"https:\\\/\\\/antroposofiturkiye.com\\\/#organization\",\"name\":\"Antroposofi T\u00fcrkiye\",\"url\":\"https:\\\/\\\/antroposofiturkiye.com\\\/\",\"logo\":{\"@type\":\"ImageObject\",\"inLanguage\":\"en-US\",\"@id\":\"https:\\\/\\\/antroposofiturkiye.com\\\/#\\\/schema\\\/logo\\\/image\\\/\",\"url\":\"https:\\\/\\\/antroposofiturkiye.com\\\/wp-content\\\/uploads\\\/2024\\\/01\\\/Antroposofi-Turkiye-1.png\",\"contentUrl\":\"https:\\\/\\\/antroposofiturkiye.com\\\/wp-content\\\/uploads\\\/2024\\\/01\\\/Antroposofi-Turkiye-1.png\",\"width\":1395,\"height\":1260,\"caption\":\"Antroposofi T\u00fcrkiye\"},\"image\":{\"@id\":\"https:\\\/\\\/antroposofiturkiye.com\\\/#\\\/schema\\\/logo\\\/image\\\/\"}}]}<\/script>\n<!-- \/ Yoast SEO plugin. -->","yoast_head_json":{"title":"Biodynamic Agriculture - Anthroposophy Turkey","robots":{"index":"index","follow":"follow","max-snippet":"max-snippet:-1","max-image-preview":"max-image-preview:large","max-video-preview":"max-video-preview:-1"},"canonical":"https:\/\/antroposofiturkiye.com\/en\/biodynamic-agriculture\/","og_locale":"en_US","og_type":"article","og_title":"Biyodinamik Tar\u0131m - Antroposofi T\u00fcrkiye","og_description":"Biyodinamik tar\u0131m sa\u011fl\u0131kl\u0131 bir tar\u0131msal ve sosyal \u00e7evre yarat\u0131r. 1924 y\u0131l\u0131nda Rudolf Steiner&#8217;den \u00e7ift\u00e7iler taraf\u0131ndan tar\u0131m\u0131n iyile\u015ftirilmesine katk\u0131da bulunmas\u0131 istendi. Bu, \u015fu anda tescilli markas\u0131 Demeter olan en eski organik tar\u0131m olan biyodinamik tar\u0131m\u0131n do\u011fu\u015f an\u0131yd\u0131. Bug\u00fcn 64 \u00fclkede 230.000 hektar tar\u0131m arazisi Demeter standartlar\u0131na g\u00f6re i\u015flenmektedir. Denemeler, biyodinamik tar\u0131m\u0131n tar\u0131msal ekosistemlerin direncini art\u0131rd\u0131\u011f\u0131n\u0131 g\u00f6stermi\u015ftir. [&hellip;]","og_url":"https:\/\/antroposofiturkiye.com\/en\/biodynamic-agriculture\/","og_site_name":"Antroposofi T\u00fcrkiye","article_modified_time":"2024-01-24T16:19:32+00:00","og_image":[{"width":2560,"height":1920,"url":"https:\/\/antroposofiturkiye.com\/wp-content\/uploads\/2024\/01\/Antroposofi-Turkiye-scaled.jpeg","type":"image\/jpeg"}],"twitter_card":"summary_large_image","twitter_misc":{"Est. reading time":"1 minute"},"schema":{"@context":"https:\/\/schema.org","@graph":[{"@type":"WebPage","@id":"https:\/\/antroposofiturkiye.com\/biyodinamik-tarim\/","url":"https:\/\/antroposofiturkiye.com\/biyodinamik-tarim\/","name":"Biodynamic Agriculture - Anthroposophy Turkey","isPartOf":{"@id":"https:\/\/antroposofiturkiye.com\/#website"},"datePublished":"2024-01-24T16:19:31+00:00","dateModified":"2024-01-24T16:19:32+00:00","breadcrumb":{"@id":"https:\/\/antroposofiturkiye.com\/biyodinamik-tarim\/#breadcrumb"},"inLanguage":"en-US","potentialAction":[{"@type":"ReadAction","target":["https:\/\/antroposofiturkiye.com\/biyodinamik-tarim\/"]}]},{"@type":"BreadcrumbList","@id":"https:\/\/antroposofiturkiye.com\/biyodinamik-tarim\/#breadcrumb","itemListElement":[{"@type":"ListItem","position":1,"name":"Anasayfa","item":"https:\/\/antroposofiturkiye.com\/"},{"@type":"ListItem","position":2,"name":"Biyodinamik Tar\u0131m"}]},{"@type":"WebSite","@id":"https:\/\/antroposofiturkiye.com\/#website","url":"https:\/\/antroposofiturkiye.com\/","name":"Anthroposophy Turkey","description":"","publisher":{"@id":"https:\/\/antroposofiturkiye.com\/#organization"},"potentialAction":[{"@type":"SearchAction","target":{"@type":"EntryPoint","urlTemplate":"https:\/\/antroposofiturkiye.com\/?s={search_term_string}"},"query-input":{"@type":"PropertyValueSpecification","valueRequired":true,"valueName":"search_term_string"}}],"inLanguage":"en-US"},{"@type":"Organization","@id":"https:\/\/antroposofiturkiye.com\/#organization","name":"Anthroposophy Turkey","url":"https:\/\/antroposofiturkiye.com\/","logo":{"@type":"ImageObject","inLanguage":"en-US","@id":"https:\/\/antroposofiturkiye.com\/#\/schema\/logo\/image\/","url":"https:\/\/antroposofiturkiye.com\/wp-content\/uploads\/2024\/01\/Antroposofi-Turkiye-1.png","contentUrl":"https:\/\/antroposofiturkiye.com\/wp-content\/uploads\/2024\/01\/Antroposofi-Turkiye-1.png","width":1395,"height":1260,"caption":"Antroposofi T\u00fcrkiye"},"image":{"@id":"https:\/\/antroposofiturkiye.com\/#\/schema\/logo\/image\/"}}]}},"_links":{"self":[{"href":"https:\/\/antroposofiturkiye.com\/en\/wp-json\/wp\/v2\/pages\/353","targetHints":{"allow":["GET"]}}],"collection":[{"href":"https:\/\/antroposofiturkiye.com\/en\/wp-json\/wp\/v2\/pages"}],"about":[{"href":"https:\/\/antroposofiturkiye.com\/en\/wp-json\/wp\/v2\/types\/page"}],"author":[{"embeddable":true,"href":"https:\/\/antroposofiturkiye.com\/en\/wp-json\/wp\/v2\/users\/1"}],"replies":[{"embeddable":true,"href":"https:\/\/antroposofiturkiye.com\/en\/wp-json\/wp\/v2\/comments?post=353"}],"version-history":[{"count":1,"href":"https:\/\/antroposofiturkiye.com\/en\/wp-json\/wp\/v2\/pages\/353\/revisions"}],"predecessor-version":[{"id":354,"href":"https:\/\/antroposofiturkiye.com\/en\/wp-json\/wp\/v2\/pages\/353\/revisions\/354"}],"wp:attachment":[{"href":"https:\/\/antroposofiturkiye.com\/en\/wp-json\/wp\/v2\/media?parent=353"}],"curies":[{"name":"wp","href":"https:\/\/api.w.org\/{rel}","templated":true}]}}