{"id":355,"date":"2024-01-24T19:20:38","date_gmt":"2024-01-24T16:20:38","guid":{"rendered":"https:\/\/antroposofiturkiye.com\/?page_id=355"},"modified":"2024-01-24T22:15:25","modified_gmt":"2024-01-24T19:15:25","slug":"demeter-biodynamic-agriculture-association","status":"publish","type":"page","link":"https:\/\/antroposofiturkiye.com\/en\/demeter-biyodinamik-tarim-dernegi\/","title":{"rendered":"Demeter Biodynamic Agriculture Association"},"content":{"rendered":"<p>Demeter is the first ecological brand for organically produced food. Foods grown with biodynamic farming methods are nutritionally superior to foods produced with conventional methods, and they are also more delicious. Demeter, which prepared a certification program for biodynamically grown foods in order to make this quality constant, was established in 1928.<\/p>\n\n\n\n<p>Demeter is a pioneering global brand that operates globally with the aim of sustaining agriculture in the highest quality all over the world and providing consumers with local, organic and the highest quality foods. Our organization, which has carried out a significant number of social responsibility projects in the countries where it operates, is working to realize the same goals in Turkey.<\/p>\n\n\n\n<p><strong>Demeter Turkey<\/strong><\/p>\n\n\n\n<figure class=\"wp-block-table\"><table><tbody><tr><td>Turkish farmers to protect their land and produce with high productivity,<\/td><td>Tamam\u0131 sertifikal\u0131, %100 GDOsuz tohumla \u00fcretilen g\u0131da \u00fcr\u00fcnlerinin T\u00fcrkiye\u2019deki al\u0131c\u0131lara uygun fiyattan ula\u015fmas\u0131n\u0131 hedeflemektedir.<\/td><\/tr><tr><td>Crops are traded at the value they deserve and farmers' earnings increase,<\/td><td>The highest quality standard is sought throughout the entire process.<\/td><\/tr><\/tbody><\/table><\/figure>","protected":false},"excerpt":{"rendered":"<p>Demeter, organik olarak \u00fcretilen g\u0131dalar\u0131n ilk ekolojik markas\u0131d\u0131r. Biyodinamik tar\u0131m y\u00f6ntemi ile yeti\u015ftirilen g\u0131dalar, konvansiyonel y\u00f6ntemlerle \u00fcretilen g\u0131dalardan besin a\u00e7\u0131s\u0131ndan \u00e7ok daha \u00fcst\u00fcnd\u00fcr, \u00fcstelik daha lezzetlidir.&nbsp;Bu kaliteyi de\u011fi\u015fmez k\u0131labilmek amac\u0131yla Biyodinamik olarak yeti\u015ftirilen g\u0131dalar i\u00e7in sertifikasyon program\u0131 haz\u0131rlayan Demeter, 1928 y\u0131l\u0131nda kurulmu\u015ftur. Tar\u0131m\u0131n t\u00fcm d\u00fcnyada en kaliteli bi\u00e7imde s\u00fcrd\u00fcr\u00fclmesini ve t\u00fcketicilere yerel, organik ve en [&hellip;]<\/p>\n","protected":false},"author":1,"featured_media":0,"parent":0,"menu_order":0,"comment_status":"closed","ping_status":"closed","template":"","meta":{"footnotes":""},"class_list":["post-355","page","type-page","status-publish","hentry"],"yoast_head":"<!-- This site is optimized with the Yoast SEO plugin v27.4 - https:\/\/yoast.com\/product\/yoast-seo-wordpress\/ -->\n<title>Demeter Biyodinamik Tar\u0131m Derne\u011fi - Antroposofi T\u00fcrkiye<\/title>\n<meta name=\"robots\" content=\"index, follow, max-snippet:-1, max-image-preview:large, max-video-preview:-1\" \/>\n<link rel=\"canonical\" href=\"https:\/\/antroposofiturkiye.com\/en\/demeter-biodynamic-agriculture-association\/\" \/>\n<meta property=\"og:locale\" content=\"en_US\" \/>\n<meta property=\"og:type\" content=\"article\" \/>\n<meta property=\"og:title\" content=\"Demeter Biyodinamik Tar\u0131m Derne\u011fi - Antroposofi T\u00fcrkiye\" \/>\n<meta property=\"og:description\" content=\"Demeter, organik olarak \u00fcretilen g\u0131dalar\u0131n ilk ekolojik markas\u0131d\u0131r. Biyodinamik tar\u0131m y\u00f6ntemi ile yeti\u015ftirilen g\u0131dalar, konvansiyonel y\u00f6ntemlerle \u00fcretilen g\u0131dalardan besin a\u00e7\u0131s\u0131ndan \u00e7ok daha \u00fcst\u00fcnd\u00fcr, \u00fcstelik daha lezzetlidir.&nbsp;Bu kaliteyi de\u011fi\u015fmez k\u0131labilmek amac\u0131yla Biyodinamik olarak yeti\u015ftirilen g\u0131dalar i\u00e7in sertifikasyon program\u0131 haz\u0131rlayan Demeter, 1928 y\u0131l\u0131nda kurulmu\u015ftur. Tar\u0131m\u0131n t\u00fcm d\u00fcnyada en kaliteli bi\u00e7imde s\u00fcrd\u00fcr\u00fclmesini ve t\u00fcketicilere yerel, organik ve en [&hellip;]\" \/>\n<meta property=\"og:url\" content=\"https:\/\/antroposofiturkiye.com\/en\/demeter-biodynamic-agriculture-association\/\" \/>\n<meta property=\"og:site_name\" content=\"Antroposofi T\u00fcrkiye\" \/>\n<meta property=\"article:modified_time\" content=\"2024-01-24T19:15:25+00:00\" \/>\n<meta property=\"og:image\" content=\"https:\/\/antroposofiturkiye.com\/wp-content\/uploads\/2024\/01\/Antroposofi-Turkiye-scaled.jpeg\" \/>\n\t<meta property=\"og:image:width\" content=\"2560\" \/>\n\t<meta property=\"og:image:height\" content=\"1920\" \/>\n\t<meta property=\"og:image:type\" content=\"image\/jpeg\" \/>\n<meta name=\"twitter:card\" content=\"summary_large_image\" \/>\n<meta name=\"twitter:label1\" content=\"Est. reading time\" \/>\n\t<meta name=\"twitter:data1\" content=\"1 minute\" \/>\n<script type=\"application\/ld+json\" class=\"yoast-schema-graph\">{\"@context\":\"https:\\\/\\\/schema.org\",\"@graph\":[{\"@type\":\"WebPage\",\"@id\":\"https:\\\/\\\/antroposofiturkiye.com\\\/demeter-biyodinamik-tarim-dernegi\\\/\",\"url\":\"https:\\\/\\\/antroposofiturkiye.com\\\/demeter-biyodinamik-tarim-dernegi\\\/\",\"name\":\"Demeter Biyodinamik Tar\u0131m Derne\u011fi - Antroposofi T\u00fcrkiye\",\"isPartOf\":{\"@id\":\"https:\\\/\\\/antroposofiturkiye.com\\\/#website\"},\"datePublished\":\"2024-01-24T16:20:38+00:00\",\"dateModified\":\"2024-01-24T19:15:25+00:00\",\"breadcrumb\":{\"@id\":\"https:\\\/\\\/antroposofiturkiye.com\\\/demeter-biyodinamik-tarim-dernegi\\\/#breadcrumb\"},\"inLanguage\":\"en-US\",\"potentialAction\":[{\"@type\":\"ReadAction\",\"target\":[\"https:\\\/\\\/antroposofiturkiye.com\\\/demeter-biyodinamik-tarim-dernegi\\\/\"]}]},{\"@type\":\"BreadcrumbList\",\"@id\":\"https:\\\/\\\/antroposofiturkiye.com\\\/demeter-biyodinamik-tarim-dernegi\\\/#breadcrumb\",\"itemListElement\":[{\"@type\":\"ListItem\",\"position\":1,\"name\":\"Anasayfa\",\"item\":\"https:\\\/\\\/antroposofiturkiye.com\\\/\"},{\"@type\":\"ListItem\",\"position\":2,\"name\":\"Demeter Biyodinamik Tar\u0131m Derne\u011fi\"}]},{\"@type\":\"WebSite\",\"@id\":\"https:\\\/\\\/antroposofiturkiye.com\\\/#website\",\"url\":\"https:\\\/\\\/antroposofiturkiye.com\\\/\",\"name\":\"Antroposofi T\u00fcrkiye\",\"description\":\"\",\"publisher\":{\"@id\":\"https:\\\/\\\/antroposofiturkiye.com\\\/#organization\"},\"potentialAction\":[{\"@type\":\"SearchAction\",\"target\":{\"@type\":\"EntryPoint\",\"urlTemplate\":\"https:\\\/\\\/antroposofiturkiye.com\\\/?s={search_term_string}\"},\"query-input\":{\"@type\":\"PropertyValueSpecification\",\"valueRequired\":true,\"valueName\":\"search_term_string\"}}],\"inLanguage\":\"en-US\"},{\"@type\":\"Organization\",\"@id\":\"https:\\\/\\\/antroposofiturkiye.com\\\/#organization\",\"name\":\"Antroposofi T\u00fcrkiye\",\"url\":\"https:\\\/\\\/antroposofiturkiye.com\\\/\",\"logo\":{\"@type\":\"ImageObject\",\"inLanguage\":\"en-US\",\"@id\":\"https:\\\/\\\/antroposofiturkiye.com\\\/#\\\/schema\\\/logo\\\/image\\\/\",\"url\":\"https:\\\/\\\/antroposofiturkiye.com\\\/wp-content\\\/uploads\\\/2024\\\/01\\\/Antroposofi-Turkiye-1.png\",\"contentUrl\":\"https:\\\/\\\/antroposofiturkiye.com\\\/wp-content\\\/uploads\\\/2024\\\/01\\\/Antroposofi-Turkiye-1.png\",\"width\":1395,\"height\":1260,\"caption\":\"Antroposofi T\u00fcrkiye\"},\"image\":{\"@id\":\"https:\\\/\\\/antroposofiturkiye.com\\\/#\\\/schema\\\/logo\\\/image\\\/\"}}]}<\/script>\n<!-- \/ Yoast SEO plugin. -->","yoast_head_json":{"title":"Demeter Biodynamic Agriculture Association - Anthroposophy Turkey","robots":{"index":"index","follow":"follow","max-snippet":"max-snippet:-1","max-image-preview":"max-image-preview:large","max-video-preview":"max-video-preview:-1"},"canonical":"https:\/\/antroposofiturkiye.com\/en\/demeter-biodynamic-agriculture-association\/","og_locale":"en_US","og_type":"article","og_title":"Demeter Biyodinamik Tar\u0131m Derne\u011fi - Antroposofi T\u00fcrkiye","og_description":"Demeter, organik olarak \u00fcretilen g\u0131dalar\u0131n ilk ekolojik markas\u0131d\u0131r. Biyodinamik tar\u0131m y\u00f6ntemi ile yeti\u015ftirilen g\u0131dalar, konvansiyonel y\u00f6ntemlerle \u00fcretilen g\u0131dalardan besin a\u00e7\u0131s\u0131ndan \u00e7ok daha \u00fcst\u00fcnd\u00fcr, \u00fcstelik daha lezzetlidir.&nbsp;Bu kaliteyi de\u011fi\u015fmez k\u0131labilmek amac\u0131yla Biyodinamik olarak yeti\u015ftirilen g\u0131dalar i\u00e7in sertifikasyon program\u0131 haz\u0131rlayan Demeter, 1928 y\u0131l\u0131nda kurulmu\u015ftur. Tar\u0131m\u0131n t\u00fcm d\u00fcnyada en kaliteli bi\u00e7imde s\u00fcrd\u00fcr\u00fclmesini ve t\u00fcketicilere yerel, organik ve en [&hellip;]","og_url":"https:\/\/antroposofiturkiye.com\/en\/demeter-biodynamic-agriculture-association\/","og_site_name":"Antroposofi T\u00fcrkiye","article_modified_time":"2024-01-24T19:15:25+00:00","og_image":[{"width":2560,"height":1920,"url":"https:\/\/antroposofiturkiye.com\/wp-content\/uploads\/2024\/01\/Antroposofi-Turkiye-scaled.jpeg","type":"image\/jpeg"}],"twitter_card":"summary_large_image","twitter_misc":{"Est. reading time":"1 minute"},"schema":{"@context":"https:\/\/schema.org","@graph":[{"@type":"WebPage","@id":"https:\/\/antroposofiturkiye.com\/demeter-biyodinamik-tarim-dernegi\/","url":"https:\/\/antroposofiturkiye.com\/demeter-biyodinamik-tarim-dernegi\/","name":"Demeter Biodynamic Agriculture Association - Anthroposophy Turkey","isPartOf":{"@id":"https:\/\/antroposofiturkiye.com\/#website"},"datePublished":"2024-01-24T16:20:38+00:00","dateModified":"2024-01-24T19:15:25+00:00","breadcrumb":{"@id":"https:\/\/antroposofiturkiye.com\/demeter-biyodinamik-tarim-dernegi\/#breadcrumb"},"inLanguage":"en-US","potentialAction":[{"@type":"ReadAction","target":["https:\/\/antroposofiturkiye.com\/demeter-biyodinamik-tarim-dernegi\/"]}]},{"@type":"BreadcrumbList","@id":"https:\/\/antroposofiturkiye.com\/demeter-biyodinamik-tarim-dernegi\/#breadcrumb","itemListElement":[{"@type":"ListItem","position":1,"name":"Anasayfa","item":"https:\/\/antroposofiturkiye.com\/"},{"@type":"ListItem","position":2,"name":"Demeter Biyodinamik Tar\u0131m Derne\u011fi"}]},{"@type":"WebSite","@id":"https:\/\/antroposofiturkiye.com\/#website","url":"https:\/\/antroposofiturkiye.com\/","name":"Anthroposophy Turkey","description":"","publisher":{"@id":"https:\/\/antroposofiturkiye.com\/#organization"},"potentialAction":[{"@type":"SearchAction","target":{"@type":"EntryPoint","urlTemplate":"https:\/\/antroposofiturkiye.com\/?s={search_term_string}"},"query-input":{"@type":"PropertyValueSpecification","valueRequired":true,"valueName":"search_term_string"}}],"inLanguage":"en-US"},{"@type":"Organization","@id":"https:\/\/antroposofiturkiye.com\/#organization","name":"Anthroposophy Turkey","url":"https:\/\/antroposofiturkiye.com\/","logo":{"@type":"ImageObject","inLanguage":"en-US","@id":"https:\/\/antroposofiturkiye.com\/#\/schema\/logo\/image\/","url":"https:\/\/antroposofiturkiye.com\/wp-content\/uploads\/2024\/01\/Antroposofi-Turkiye-1.png","contentUrl":"https:\/\/antroposofiturkiye.com\/wp-content\/uploads\/2024\/01\/Antroposofi-Turkiye-1.png","width":1395,"height":1260,"caption":"Antroposofi T\u00fcrkiye"},"image":{"@id":"https:\/\/antroposofiturkiye.com\/#\/schema\/logo\/image\/"}}]}},"_links":{"self":[{"href":"https:\/\/antroposofiturkiye.com\/en\/wp-json\/wp\/v2\/pages\/355","targetHints":{"allow":["GET"]}}],"collection":[{"href":"https:\/\/antroposofiturkiye.com\/en\/wp-json\/wp\/v2\/pages"}],"about":[{"href":"https:\/\/antroposofiturkiye.com\/en\/wp-json\/wp\/v2\/types\/page"}],"author":[{"embeddable":true,"href":"https:\/\/antroposofiturkiye.com\/en\/wp-json\/wp\/v2\/users\/1"}],"replies":[{"embeddable":true,"href":"https:\/\/antroposofiturkiye.com\/en\/wp-json\/wp\/v2\/comments?post=355"}],"version-history":[{"count":2,"href":"https:\/\/antroposofiturkiye.com\/en\/wp-json\/wp\/v2\/pages\/355\/revisions"}],"predecessor-version":[{"id":419,"href":"https:\/\/antroposofiturkiye.com\/en\/wp-json\/wp\/v2\/pages\/355\/revisions\/419"}],"wp:attachment":[{"href":"https:\/\/antroposofiturkiye.com\/en\/wp-json\/wp\/v2\/media?parent=355"}],"curies":[{"name":"wp","href":"https:\/\/api.w.org\/{rel}","templated":true}]}}